{"id":5523,"date":"2023-06-07T23:15:56","date_gmt":"2023-06-08T03:15:56","guid":{"rendered":"https:\/\/eu.morphicmedical.com\/terms-of-use\/"},"modified":"2025-07-11T04:48:02","modified_gmt":"2025-07-11T08:48:02","slug":"terms-of-use","status":"publish","type":"page","link":"https:\/\/eu.morphicmedical.com\/de\/terms-of-use\/","title":{"rendered":"Nutzungsbedingungen"},"content":{"rendered":"<p><strong>Gesch\u00e4ftsbedingungen und Richtlinien EMEA<\/strong><\/p>\n<p>Diese Gesch\u00e4ftsbedingungen (\u201eGesch\u00e4ftsbedingungen\u201c) informieren den Kunden \u00fcber Morphic Medical UK Limited und legen die rechtlichen Bedingungen fest, zu denen wir unsere Produkte verkaufen.<\/p>\n<p>Kunden bestellen unsere Produkte (die \u201eWaren\u201c), indem sie eine Bestellung bei uns aufgeben (die \u201eBestellung\u201c). Mit der Bestellung gelten diese Gesch\u00e4ftsbedingungen f\u00fcr den Vertrag (den \u201eVertrag\u201c).<\/p>\n<p>Mit den Begriffen \u201ewir\u201c, \u201euns\u201c oder \u201eunser\u201c meinen wir Morphic Medical UK Limited, ein im Vereinigten K\u00f6nigreich eingetragenes Unternehmen (Firmennummer 15827428) mit Sitz in 5 New Street Square, London, EC4A 3TW, Vereinigtes K\u00f6nigreich, mit derselben Gesch\u00e4ftsadresse, sowie Morphic Medical GmbH, ein in Deutschland eingetragenes Unternehmen (HRB 68618) mit Sitz in Rheinstr. 45-46, Aufgang 1, 12161 Berlin, Deutschland.<\/p>\n<p>Wenn wir von \u201eSie\u201c oder \u201eIhr\u201c sprechen, meinen wir Sie, die Organisation, die Produkte von uns kauft (der \u201eKunde\u201c). \u201eWir\u201c und \u201eSie\u201c k\u00f6nnen zusammen als die \u201eParteien\u201c oder einzeln als die \u201ePartei\u201c bezeichnet werden.<\/p>\n<p>Wenn Sie uns kontaktieren m\u00f6chten, nutzen Sie bitte die unten stehenden Kontaktdaten. Wir helfen Ihnen gerne weiter.<\/p>\n<p>&nbsp;<\/p>\n<p><strong>1. ANNAHME:<\/strong><\/p>\n<p>Der Kunde erkl\u00e4rt sich ausschlie\u00dflich mit diesen Allgemeinen Gesch\u00e4ftsbedingungen einverstanden, unter Ausschluss jeglicher Bedingungen, die der Kunde auferlegen oder einbeziehen m\u00f6chte oder die durch Handelsbrauch, Praxis oder Gesch\u00e4ftsgepflogenheiten impliziert sind.<\/p>\n<p>Die Bestellung stellt ein Angebot des Kunden dar, die Waren gem\u00e4\u00df diesen Allgemeinen Gesch\u00e4ftsbedingungen zu erwerben und einen Vertrag abzuschlie\u00dfen.<\/p>\n<p>Der Vertrag unterliegt diesen Allgemeinen Gesch\u00e4ftsbedingungen, und Sie werden gebeten, bei der Bestellung zu best\u00e4tigen, dass Sie diese Allgemeinen Gesch\u00e4ftsbedingungen akzeptieren. Der Kunde best\u00e4tigt, diese Allgemeinen Gesch\u00e4ftsbedingungen vollst\u00e4ndig gelesen zu haben. Wenn Sie diese Allgemeinen Gesch\u00e4ftsbedingungen nicht vollst\u00e4ndig akzeptieren, k\u00f6nnen Sie die Waren nicht bei uns bestellen.<\/p>\n<p>Mit der Annahme dieser Allgemeinen Gesch\u00e4ftsbedingungen gilt die Bestellung als angenommen, und der Vertrag kommt zustande.<\/p>\n<p>Der Kunde ist daf\u00fcr verantwortlich, dass die Bedingungen der Bestellung und alle geltenden Spezifikationen f\u00fcr die Waren, die zwischen den Parteien schriftlich vereinbart wurden (die \u201eSpezifikation\u201c) und vom Kunden in der Bestellung \u00fcbermittelt werden, vollst\u00e4ndig und richtig sind.<\/p>\n<p>Alle in einer Bestellung oder einem anderen Formular enthaltenen Gesch\u00e4ftsbedingungen sind unabh\u00e4ngig vom Zeitpunkt ihres Eingangs bei uns absolut wirkungslos.<\/p>\n<p>Der Kunde erkennt an, dass wir die in der Bestellung aufgef\u00fchrten Waren ausschlie\u00dflich gem\u00e4\u00df den darin enthaltenen Allgemeinen Gesch\u00e4ftsbedingungen verkaufen. Diese Allgemeinen Gesch\u00e4ftsbedingungen d\u00fcrfen nur durch ein schriftliches Dokument erg\u00e4nzt, ge\u00e4ndert, ersetzt oder anderweitig abge\u00e4ndert werden, das von einem unserer bevollm\u00e4chtigten Vertreter unterzeichnet ist.<\/p>\n<p>&nbsp;<\/p>\n<p><strong>2. LIEFERUNG:<\/strong><\/p>\n<p>Wir stellen sicher, dass:<\/p>\n<p>die Waren jederzeit nach Benachrichtigung des Kunden \u00fcber die Bereitstellung der Waren an den in der Bestellung angegebenen oder einen anderen von den Parteien vereinbarten Ort (\u201eLieferort\u201c) geliefert werden; jeder Warenlieferung an den Lieferort ein Lieferschein mit Bestelldatum, allen relevanten Kundenreferenznummern, Art und Menge der Waren sowie gegebenenfalls Seriennummern beiliegt.<\/p>\n<p>Die Lieferung der Waren gilt mit der Ankunft am Lieferort als abgeschlossen.<\/p>\n<p>Der Kunde ist daf\u00fcr verantwortlich, geeignete Vorkehrungen f\u00fcr den Empfang der Bestellung zu treffen. Kann der Kunde die Waren nicht annehmen, unternimmt unser Lieferpartner zwei (2) weitere Versuche, die Waren an den Lieferort zu liefern. Erfolgt auch nach dem dritten Versuch keine Antwort, werden die Produkte an den Ursprungsort zur\u00fcckgeschickt.<\/p>\n<p>Bei Nichtlieferung der Waren beschr\u00e4nkt sich unsere Haftung auf die dem Kunden entstandenen Kosten und Aufwendungen f\u00fcr die Beschaffung von Ersatzwaren \u00e4hnlicher Art und Qualit\u00e4t abz\u00fcglich des Warenpreises. Wir haften nicht f\u00fcr die Nichtlieferung der Waren, sofern diese auf h\u00f6here Gewalt gem\u00e4\u00df Ziffer 3 oder das Vers\u00e4umnis des Kunden zur\u00fcckzuf\u00fchren ist, uns angemessene Lieferanweisungen oder sonstige f\u00fcr die Warenlieferung relevante Anweisungen zu erteilen.<\/p>\n<p>Das Risiko f\u00fcr die Waren geht mit dem Versand auf den Kunden \u00fcber.<\/p>\n<p>Das Eigentum an den Waren geht erst mit vollst\u00e4ndigem Zahlungseingang auf den Kunden \u00fcber.<\/p>\n<p>&nbsp;<\/p>\n<p><strong>3. H\u00d6HERE GEWALT:<\/strong><\/p>\n<p>Wir haften nicht f\u00fcr die Nichterf\u00fcllung oder Verz\u00f6gerung unserer vertraglichen Verpflichtungen, sofern diese durch Ereignisse au\u00dferhalb unserer Kontrolle verursacht werden, die naturgem\u00e4\u00df nicht vorhersehbar waren oder, selbst wenn sie vorhersehbar gewesen w\u00e4ren, unvermeidbar waren. Hierzu z\u00e4hlen unter anderem Streiks, Meinungsverschiedenheiten mit Arbeitnehmern, Aussperrungen oder andere Arbeitsk\u00e4mpfe, Unf\u00e4lle, beh\u00f6rdliche Ma\u00dfnahmen, Krieg, Aufst\u00e4nde oder Unruhen, Mangel an Arbeitskr\u00e4ften, Energie, Rohstoffen, Produktionsanlagen oder Transportmitteln, Naturkatastrophen (insbesondere St\u00fcrme, Erdbeben, Br\u00e4nde und \u00dcberschwemmungen) oder extrem widrige Wetterbedingungen sowie der Ausfall von Lieferanten oder Subunternehmern.<\/p>\n<p>Bei Lieferverz\u00f6gerungen oder -ausf\u00e4llen aufgrund von Arbeitsproblemen sind wir nicht verpflichtet, eine Einigung anzustreben oder zu erzielen, die nach unserem alleinigen Ermessen nicht in unserem besten Interesse ist.<\/p>\n<p>&nbsp;<\/p>\n<p><strong>4. GARANTIE:<\/strong><\/p>\n<p>Die Parteien gew\u00e4hrleisten, dass sie befugt sind, diese Allgemeinen Gesch\u00e4ftsbedingungen zu vereinbaren und zu akzeptieren.<\/p>\n<p>Haftungsbeschr\u00e4nkung: Wir gew\u00e4hrleisten, dass die unter diese Allgemeinen Gesch\u00e4ftsbedingungen fallenden Waren ihren jeweiligen Verwendungshinweisen und ver\u00f6ffentlichten Spezifikationen entsprechen. Sofern hierin nicht ausdr\u00fccklich etwas anderes bestimmt ist, \u00fcbernehmen wir keine ausdr\u00fccklichen oder stillschweigenden Gew\u00e4hrleistungen, insbesondere keine stillschweigenden Gew\u00e4hrleistungen hinsichtlich der Handels\u00fcblichkeit oder Eignung f\u00fcr einen bestimmten Zweck. Wir haften in keinem Fall f\u00fcr besondere, indirekte, Folge- oder Nebensch\u00e4den, wie z. B. (ohne Einschr\u00e4nkung) Gesch\u00e4ftssch\u00e4den, Kundenverlust, Gewinnverlust oder Imageverlust, selbst wenn wir auf die M\u00f6glichkeit solcher Sch\u00e4den hingewiesen wurden.<\/p>\n<p>Unsere Haftung aus allen Gr\u00fcnden gem\u00e4\u00df diesen Allgemeinen Gesch\u00e4ftsbedingungen ist auf allgemeine finanzielle Sch\u00e4den in jeder Bestellung beschr\u00e4nkt, unabh\u00e4ngig von der Form, in der rechtliche oder billigkeitsrechtliche Schritte gegen uns eingeleitet werden.<\/p>\n<p>&nbsp;<\/p>\n<p><strong>5. PREIS\u00c4NDERUNGEN:<\/strong><\/p>\n<p>Der Preis der Waren ist in der Bestellung angegeben. Preise k\u00f6nnen sich jederzeit und von Zeit zu Zeit \u00e4ndern, \u00c4nderungen haben jedoch keinen Einfluss auf von uns best\u00e4tigte Bestellungen.<\/p>\n<p>Wir achten mit angemessener Sorgfalt darauf, dass die Preise der Waren zum Zeitpunkt der Eingabe der entsprechenden Informationen in das System korrekt sind. Es ist jedoch immer m\u00f6glich, dass trotz unserer Bem\u00fchungen einige Waren falsch ausgezeichnet sind. Sollten wir einen Fehler oder Irrtum im Preis der von Ihnen bestellten Waren feststellen, werden wir Sie kontaktieren, um Sie \u00fcber diesen Fehler zu informieren und Ihnen die M\u00f6glichkeit geben, den Kauf der Waren zum korrekten Preis fortzusetzen oder Ihre Bestellung zu stornieren. Wir sind nicht verpflichtet, dem Kunden die Waren zu einem niedrigeren Preis anzubieten, wenn uns ein offensichtlicher Preisfehler unterlaufen ist. Wir werden eine Bestellung erst bearbeiten, wenn uns Ihre Anweisungen vorliegen. Sollten wir den Kunden \u00fcber die w\u00e4hrend des Bestellvorgangs angegebenen Kontaktdaten nicht erreichen k\u00f6nnen, behandeln wir die Bestellung als storniert.<\/p>\n<p>Der Preis der Waren versteht sich exklusive etwaiger vereinbarter Kosten und Geb\u00fchren f\u00fcr den Versand der Waren, die dem Kunden in Rechnung gestellt werden.<\/p>\n<p>&nbsp;<\/p>\n<p><strong>6. ZAHLUNG; STEUERN:<\/strong><\/p>\n<p>Wenn der Kunde die vertraglich geschuldete Zahlung nicht bis zum vereinbarten, in der jeweiligen Rechnung angegebenen Termin leistet, hat er Verzugszinsen in H\u00f6he von 8 % p.a. \u00fcber dem Basiszinssatz der Bank of England im Vereinigten K\u00f6nigreich bzw. 9 % \u00fcber dem Basiszinssatz der Europ\u00e4ischen Zentralbank f\u00fcr EU-M\u00e4rkte (oder wie anderweitig in lokalen M\u00e4rkten vorgeschrieben) zu zahlen. Diese Zinsen fallen t\u00e4glich vom F\u00e4lligkeitsdatum bis zur tats\u00e4chlichen Zahlung des \u00fcberf\u00e4lligen Betrags an. Der Kunde zahlt die Zinsen zusammen mit dem \u00fcberf\u00e4lligen Betrag.<\/p>\n<p>Dar\u00fcber hinaus verpflichtet sich der Kunde, uns s\u00e4mtliche Kosten zu erstatten, die uns im Zusammenhang mit der Einziehung der uns geschuldeten Betr\u00e4ge entstehen, einschlie\u00dflich angemessener Anwaltskosten. Diese werden dem Kaufpreis in H\u00f6he aller Umsatz-, Nutzungs- oder vergleichbaren Steuern, die auf die Waren oder deren Wert erhoben werden oder sich darauf beziehen, hinzugerechnet, es sei denn, der Kunde legt uns eine entsprechende Befreiungsbescheinigung vor.<\/p>\n<p>Der Kunde ist verpflichtet, alle vertraglich geschuldeten Betr\u00e4ge vollst\u00e4ndig und ohne Aufrechnung, Gegenforderung, Abzug oder Einbehalt zu zahlen (mit Ausnahme gesetzlich vorgeschriebener Abz\u00fcge oder Einbehalte). Wir sind jederzeit berechtigt, unbeschadet unserer Rechte und Rechtsmittel, alle vom Kunden geschuldeten Betr\u00e4ge mit unseren Verbindlichkeiten gegen\u00fcber dem Kunden zu verrechnen.<\/p>\n<p>&nbsp;<\/p>\n<p><strong>7. R\u00dcCKSENDUNGEN:<\/strong><\/p>\n<p>Sie k\u00f6nnen Waren gem\u00e4\u00df unseren R\u00fcckgabebedingungen an uns zur\u00fccksenden.<\/p>\n<p>Die R\u00fccksendung von Waren muss von uns vorab genehmigt und innerhalb von 30 Tagen nach Erhalt der Bestellung beantragt werden. F\u00fcr alle R\u00fccksendungen wird eine Wiedereinlagerungsgeb\u00fchr von 25 % erhoben.<\/p>\n<p>&nbsp;<\/p>\n<p><strong>8. K\u00dcNDIGUNG:<\/strong><\/p>\n<p>Beide Parteien sind berechtigt, diesen Vertrag ohne weitere Formalit\u00e4ten durch schriftliche Mitteilung an die jeweils andere Partei zu k\u00fcndigen, wenn einer der folgenden F\u00e4lle eintritt:<br \/>\nbei wesentlichem Versto\u00df einer der Parteien gegen die Allgemeinen Gesch\u00e4ftsbedingungen;<\/p>\n<p>Wenn ein Konkursverwalter, Insolvenzverwalter, Zwangsverwalter oder sonstiger Gl\u00e4ubiger das gesamte oder einen Teil des Verm\u00f6gens einer der Parteien in Besitz nimmt oder daf\u00fcr bestellt wird, oder wenn eine der Parteien einen Vergleich mit ihren Gl\u00e4ubigern oder zu deren Gunsten schlie\u00dft, oder wenn eine der Parteien liquidiert wird oder in Konkurs geht und sofern die lokalen Formalit\u00e4ten eingehalten wurden.<\/p>\n<p>Ohne Einschr\u00e4nkung unserer sonstigen Rechte oder Rechtsmittel k\u00f6nnen wir die Bereitstellung der Waren im Rahmen des Vertrags oder eines anderen Vertrags zwischen dem Kunden und uns aussetzen, wenn der Kunde von einem der im vorstehenden Absatz aufgef\u00fchrten Ereignisse betroffen ist oder wir begr\u00fcndeten Anlass zu der Annahme haben, dass eines dieser Ereignisse auf den Kunden zutreffen wird, oder wenn der Kunde einen gem\u00e4\u00df diesem Vertrag f\u00e4lligen Betrag nicht zum F\u00e4lligkeitsdatum zahlt.<\/p>\n<p>Bei K\u00fcndigung des Vertrags aus irgendeinem Grund hat der Kunde uns unverz\u00fcglich alle unsere ausstehenden unbezahlten Rechnungen und Zinsen zu zahlen.<\/p>\n<p>Die K\u00fcndigung des Vertrags, gleich aus welchem Grund, ber\u00fchrt nicht unsere zum Zeitpunkt der K\u00fcndigung bestehenden Rechte, Rechtsmittel, Pflichten und Verbindlichkeiten.<\/p>\n<p>&nbsp;<\/p>\n<p><strong>9. EIGENTUMS\u00dcBERGANG UND VERLUSTRISIKO:<\/strong><\/p>\n<p>Alle Bestellungen, die per Expresslieferung oder Luftfracht am n\u00e4chsten Tag versendet werden, werden an die Versandstelle von Morphic Medicals (Frei Haus) des Kunden versandt. Wir und der Kunde verhandeln nach Treu und Glauben \u00fcber etwaige Verluste, Besch\u00e4digungen oder Zerst\u00f6rungen von Waren w\u00e4hrend des Transports.<\/p>\n<p>&nbsp;<\/p>\n<p><strong>10. SCHADENSERSATZ:<\/strong><\/p>\n<p>Der Kunde verpflichtet sich, uns, einschlie\u00dflich unserer Tochtergesellschaften, verbundenen Unternehmen, Muttergesellschaften, Partner, deren Rechtsnachfolger und Zessionare sowie deren ehemalige und gegenw\u00e4rtige Direktoren, leitende Angestellte, Mitarbeiter und Vertreter, gesamtschuldnerisch von allen Verlusten, Sch\u00e4den, Haftungen und Anspr\u00fcchen jeglicher Art, einschlie\u00dflich angemessener Anwalts- und Gerichtskosten, freizustellen, die sich aus einer vom Kunden bestellten Ware, die nicht der Produktkennzeichnung entspricht, oder aus rechtswidrigen oder fahrl\u00e4ssigen Handlungen oder Unterlassungen des Kunden beim Kauf, Verkauf oder der Nutzung unserer Produkte ergeben, insbesondere aus der Nichtberechnung der geltenden Umsatz-, Nutzungs- oder vergleichbaren Steuern beim Verkauf dieser Produkte, dem Fehlen einer g\u00fcltigen Lizenz oder Zertifizierung der zust\u00e4ndigen Stelle, die dem Kunden den Kauf, Verkauf oder die Nutzung dieser Produkte oder die Aus\u00fcbung der \u00e4rztlichen T\u00e4tigkeit gestattet, oder aus sonstigen Handlungen oder Unterlassungen.<\/p>\n<p>Sollten wir diese Allgemeinen Gesch\u00e4ftsbedingungen nicht einhalten, haften wir f\u00fcr Verluste oder Sch\u00e4den, die Ihnen entstehen und die eine vorhersehbare Folge unserer Verletzung dieser Allgemeinen Gesch\u00e4ftsbedingungen oder unserer Fahrl\u00e4ssigkeit sind. Wir haften jedoch nicht f\u00fcr Verluste oder Sch\u00e4den, die nicht vorhersehbar sind. Verluste oder Sch\u00e4den sind vorhersehbar, wenn sie eine offensichtliche Folge unserer Verletzung waren oder von Ihnen und uns zum Zeitpunkt des Vertragsabschlusses ber\u00fccksichtigt wurden. Wir haften Ihnen gegen\u00fcber nicht f\u00fcr entgangenen Gewinn, Gesch\u00e4ftsverlust, Betriebsunterbrechung oder entgangene Gesch\u00e4ftsm\u00f6glichkeiten.<\/p>\n<p>Nichts in diesem Vertrag beschr\u00e4nkt oder schlie\u00dft unsere Haftung f\u00fcr:<\/p>\n<p>(a) Tod oder Personensch\u00e4den, die durch unsere Fahrl\u00e4ssigkeit oder die Fahrl\u00e4ssigkeit unserer Mitarbeiter, Vertreter oder Subunternehmer (je nach Fall) verursacht wurden;<\/p>\n<p>(b) Betrug oder arglistige T\u00e4uschung;<\/p>\n<p>(c) Versto\u00df gegen die Bestimmungen von Abschnitt 12 des Sale of Goods Act 1979;<\/p>\n<p>(d) fehlerhafte Produkte gem\u00e4\u00df dem Consumer Protection Act 1987 (in der jeweils g\u00fcltigen Fassung); oder<\/p>\n<p>(e) jegliche Sachverhalte, f\u00fcr die ein Haftungsausschluss oder eine Haftungsbeschr\u00e4nkung rechtswidrig w\u00e4re.<\/p>\n<p>Vorbehaltlich Klausel 10 Absatz 3 haften wir gegen\u00fcber dem Kunden unter keinen Umst\u00e4nden, gleich ob aus Vertrag, unerlaubter Handlung (einschlie\u00dflich Fahrl\u00e4ssigkeit), Verletzung gesetzlicher Pflichten oder anderweitig, f\u00fcr indirekte Sch\u00e4den oder Folgesch\u00e4den, die sich aus oder im Zusammenhang mit dem Vertrag ergeben. Unsere Gesamthaftung gegen\u00fcber dem Kunden f\u00fcr alle anderen Sch\u00e4den, die sich aus oder im Zusammenhang mit dem Vertrag ergeben, sei es aus Vertrag, unerlaubter Handlung (einschlie\u00dflich Fahrl\u00e4ssigkeit), Verletzung gesetzlicher Pflichten oder anderweitig, \u00fcbersteigt in keinem Fall 100 % des Warenpreises.<\/p>\n<p>&nbsp;<\/p>\n<p><strong>11. BESTELLANNAHME:<\/strong><\/p>\n<p>Wir behalten uns das Recht vor, Bestellungen ganz oder teilweise anzunehmen oder abzulehnen.<\/p>\n<p>&nbsp;<\/p>\n<p><strong>12. VERPACKUNGS- ODER VERSANDART:<\/strong><\/p>\n<p>Wir behalten uns das Recht vor, Bestellungen so wirtschaftlich wie m\u00f6glich zu verpacken oder zu versenden. W\u00fcnscht der Kunde jedoch eine Sonderverpackung oder einen Sonderversand, werden ihm etwaige Mehrkosten in Rechnung gestellt und gehen zu seinen Lasten.<\/p>\n<p>&nbsp;<\/p>\n<p><strong>13. LIEFERUNG:<\/strong><\/p>\n<p>Der Kunde wird darauf hingewiesen, dass die angegebenen Liefertermine auf Sch\u00e4tzungen zum Zeitpunkt der Angebotserstellung beruhen und wir uns nach besten Kr\u00e4ften bem\u00fchen, diese Termine einzuhalten. Wir \u00fcbernehmen jedoch keine Haftung f\u00fcr Mehrkosten oder Sch\u00e4den, die durch versp\u00e4tete Lieferungen entstehen.<\/p>\n<p>&nbsp;<\/p>\n<p><strong>14. KEINE LIZENZ:<\/strong><\/p>\n<p>Der Verkauf von Waren, die unter diese Allgemeinen Gesch\u00e4ftsbedingungen fallen, gew\u00e4hrt dem Kunden keine Lizenz zur Herstellung unter Patenten oder Eigentumsrechten, die uns, unseren Tochtergesellschaften, verbundenen Unternehmen oder Lieferanten geh\u00f6ren oder von uns kontrolliert werden. Es wird ausdr\u00fccklich vereinbart, dass alle diese Rechte uns, unseren Tochtergesellschaften, verbundenen Unternehmen oder Lieferanten vorbehalten sind.<\/p>\n<p>&nbsp;<\/p>\n<p><strong>15. GESAMTER VERTRAG; \u00dcBERSCHRIFTEN; G\u00dcLTIGKEIT:<\/strong><\/p>\n<p>Der Vertrag stellt die gesamte Vereinbarung zwischen den Parteien dar. Der Kunde erkennt an, dass er durch Abschluss dieses Vertrags nicht durch Erkl\u00e4rungen, Versprechen, Zusicherungen, Zusicherungen oder Garantien, die nicht in diesen Allgemeinen Gesch\u00e4ftsbedingungen enthalten sind, zum Kauf von Waren von uns veranlasst wurde. Diese Allgemeinen Gesch\u00e4ftsbedingungen stellen die gesamte Vereinbarung zwischen uns und dem Kunden dar und ersetzen alle bestehenden Vereinbarungen und alle sonstigen m\u00fcndlichen oder schriftlichen Mitteilungen zwischen ihnen bez\u00fcglich ihres Vertragsgegenstands.<\/p>\n<p>Diese Allgemeinen Gesch\u00e4ftsbedingungen d\u00fcrfen nur durch eine von uns und dem Kunden unterzeichnete schriftliche Vereinbarung ge\u00e4ndert werden.<\/p>\n<p>Die hierin enthaltenen Absatz\u00fcberschriften dienen lediglich der \u00dcbersichtlichkeit und haben keinen Einfluss auf die Auslegung der Bestimmungen.<\/p>\n<p>Sollte eine Bestimmung dieser Allgemeinen Gesch\u00e4ftsbedingungen ung\u00fcltig, rechtswidrig oder nicht durchsetzbar sein, so ber\u00fchrt dies die G\u00fcltigkeit, Rechtm\u00e4\u00dfigkeit oder Durchsetzbarkeit der \u00fcbrigen Bestimmungen in keiner Weise.<\/p>\n<p>Die Anwendbarkeit des \u00dcbereinkommens \u00fcber Vertr\u00e4ge \u00fcber den internationalen Warenkauf ist von diesen Allgemeinen Gesch\u00e4ftsbedingungen ausdr\u00fccklich ausgeschlossen.<\/p>\n<p>Diese Allgemeinen Gesch\u00e4ftsbedingungen, der Vertrag und die Rechte der Parteien hieraus unterliegen dem Recht des Landes, in dem das Morphic-Lieferunternehmen registriert ist, und werden entsprechend ausgelegt. Jede Partei erkl\u00e4rt sich unwiderruflich damit einverstanden, dass die Gerichte des Landes ausschlie\u00dflich zust\u00e4ndig sind, um Streitigkeiten oder Anspr\u00fcche aus oder im Zusammenhang mit diesen Allgemeinen Gesch\u00e4ftsbedingungen, ihrem Gegenstand oder ihrer Ausgestaltung beizulegen.<\/p>\n<p>Sollte eine Bestimmung oder Teilbestimmung dieser Allgemeinen Gesch\u00e4ftsbedingungen ung\u00fcltig, rechtswidrig oder nicht durchsetzbar sein oder werden, gilt sie als im erforderlichen Mindestma\u00df ge\u00e4ndert, um ihre G\u00fcltigkeit, Rechtm\u00e4\u00dfigkeit und Durchsetzbarkeit wiederherzustellen. Ist eine solche \u00c4nderung nicht m\u00f6glich, gilt die entsprechende Bestimmung oder Teilbestimmung als gestrichen. \u00c4nderungen oder Streichungen einer Bestimmung oder Teilbestimmung gem\u00e4\u00df dieser Klausel ber\u00fchren nicht die G\u00fcltigkeit und Durchsetzbarkeit der \u00fcbrigen Allgemeinen Gesch\u00e4ftsbedingungen.<\/p>\n<p>Ein Verzicht auf Rechte oder Rechtsmittel gem\u00e4\u00df diesen Allgemeinen Gesch\u00e4ftsbedingungen oder dem Gesetz ist nur wirksam, wenn er schriftlich erfolgt, und gilt nicht als Verzicht auf die Geltendmachung sp\u00e4terer Vertragsverletzungen oder Unterlassungen. Das Vers\u00e4umnis oder die Verz\u00f6gerung einer Partei, ein gem\u00e4\u00df den Allgemeinen Gesch\u00e4ftsbedingungen oder gesetzlich vorgesehenes Recht oder Rechtsmittel auszu\u00fcben, stellt keinen Verzicht auf dieses oder ein anderes Recht oder Rechtsmittel dar und verhindert oder beschr\u00e4nkt nicht die weitere Aus\u00fcbung dieses oder eines anderen Rechts oder Rechtsmittels. Die einmalige oder teilweise Aus\u00fcbung eines solchen Rechts oder Rechtsmittels verhindert oder beschr\u00e4nkt nicht die weitere Aus\u00fcbung dieses oder eines anderen Rechts oder Rechtsmittels.<\/p>\n<p>Personen, die nicht Vertragspartei sind, haben kein Recht, die Allgemeinen Gesch\u00e4ftsbedingungen durchzusetzen.<\/p>\n<p>&nbsp;<\/p>\n<p><strong>RICHTLINIEN ZUR R\u00dcCKGABE VON WAREN<\/strong><\/p>\n<p>Morphic akzeptiert Gutschriften f\u00fcr Morphic-Produkte, die gem\u00e4\u00df den folgenden Bedingungen zur\u00fcckgegeben werden:<\/p>\n<p>F\u00fcr ge\u00f6ffnete oder besch\u00e4digte Produktverpackungen wird keine Gutschrift ausgestellt.<\/p>\n<p>R\u00fcckgabe und Gutschrift werden nur gew\u00e4hrt, wenn Morphic innerhalb von 30 Tagen nach Rechnungsdatum eine Produktr\u00fcckgabeanfrage erh\u00e4lt.<\/p>\n<p>Alle Produkte m\u00fcssen innerhalb von zehn (10) Werktagen nach Erhalt eines R\u00fccksendegenehmigungsformulars zur\u00fcckgegeben werden.<\/p>\n<p>Morphic Medical beh\u00e4lt sich das Recht vor, zur\u00fcckgegebene Produkte, die diesen Bedingungen nicht entsprechen, ohne vorherige Benachrichtigung zu vernichten oder an den Kunden zur\u00fcckzusenden.<\/p>\n<p>F\u00fcr jede R\u00fcckgabe\/jeden Umtausch ist vor der R\u00fccksendung eine R\u00fccksendegenehmigung (RMA) erforderlich. Bitte wenden Sie sich zur Bearbeitung der RMA an Ihren Morphic-Kundenbetreuer oder das Morphic-Kundenbetreuungsteam. Bitte senden Sie keine Waren zur\u00fcck, bevor Sie die Zustimmung und eine RMA-Referenznummer eingeholt haben.<\/p>\n<p>F\u00fcr R\u00fccksendungen im Zusammenhang mit der Ger\u00e4teleistung sind eine RMA sowie detaillierte Informationen zum R\u00fccksendegrund erforderlich.<\/p>\n<p>Biologisch kontaminierte Produkte m\u00fcssen vor der R\u00fccksendung an Morphic desinfiziert werden.<\/p>\n<p>Bitte halten Sie den Kundenservice auf Anfrage mit Informationen zu Produkt, Verfahren und Kundenstandort bereit.<\/p>\n<p>F\u00fcr weitere Informationen zur R\u00fccksendung explantierter Ger\u00e4te wenden Sie sich bitte an Morphic unter customerservice@morphicmed.com<\/p>\n","protected":false},"excerpt":{"rendered":"<p>Gesch\u00e4ftsbedingungen und Richtlinien EMEA Diese Gesch\u00e4ftsbedingungen (\u201eGesch\u00e4ftsbedingungen\u201c) informieren den Kunden \u00fcber Morphic Medical UK Limited und legen die rechtlichen Bedingungen fest, zu denen wir unsere Produkte verkaufen. Kunden bestellen unsere Produkte (die \u201eWaren\u201c), indem sie eine Bestellung bei uns aufgeben (die \u201eBestellung\u201c). Mit der Bestellung gelten diese Gesch\u00e4ftsbedingungen f\u00fcr den Vertrag (den \u201eVertrag\u201c). Mit den [&hellip;]<\/p>\n","protected":false},"author":28,"featured_media":0,"parent":0,"menu_order":0,"comment_status":"closed","ping_status":"closed","template":"","meta":{"_acf_changed":false,"footnotes":""},"class_list":["post-5523","page","type-page","status-publish","hentry"],"acf":[],"_links":{"self":[{"href":"https:\/\/eu.morphicmedical.com\/de\/wp-json\/wp\/v2\/pages\/5523","targetHints":{"allow":["GET"]}}],"collection":[{"href":"https:\/\/eu.morphicmedical.com\/de\/wp-json\/wp\/v2\/pages"}],"about":[{"href":"https:\/\/eu.morphicmedical.com\/de\/wp-json\/wp\/v2\/types\/page"}],"author":[{"embeddable":true,"href":"https:\/\/eu.morphicmedical.com\/de\/wp-json\/wp\/v2\/users\/28"}],"replies":[{"embeddable":true,"href":"https:\/\/eu.morphicmedical.com\/de\/wp-json\/wp\/v2\/comments?post=5523"}],"version-history":[{"count":0,"href":"https:\/\/eu.morphicmedical.com\/de\/wp-json\/wp\/v2\/pages\/5523\/revisions"}],"wp:attachment":[{"href":"https:\/\/eu.morphicmedical.com\/de\/wp-json\/wp\/v2\/media?parent=5523"}],"curies":[{"name":"wp","href":"https:\/\/api.w.org\/{rel}","templated":true}]}}