{"id":5527,"date":"2023-06-07T23:02:13","date_gmt":"2023-06-08T03:02:13","guid":{"rendered":"https:\/\/eu.morphicmedical.com\/private-policy\/"},"modified":"2025-08-22T11:00:14","modified_gmt":"2025-08-22T15:00:14","slug":"private-policy","status":"publish","type":"page","link":"https:\/\/eu.morphicmedical.com\/de\/private-policy\/","title":{"rendered":"Datenschutzrichtlinie"},"content":{"rendered":"<p><strong>Morphic Medical INC. DATENSCHUTZERKL\u00c4RUNGY<\/strong><\/p>\n<p>Zuletzt aktualisiert am 12. August 2025<\/p>\n<p>Morphic Medical, Inc. und seine Tochtergesellschaften und verbundenen Unternehmen (zusammenfassend \u201eMorphic\u201c, \u201edas Unternehmen\u201c, \u201ewir\u201c oder \u201euns\u201c) legen gro\u00dfen Wert darauf, dass Sie mit der Art und Weise, wie wir Informationen erfassen, verwenden und weitergeben, vertraut sind.<\/p>\n<p>Diese Datenschutzerkl\u00e4rung beschreibt unsere Praktiken im Zusammenhang mit Informationen, die wir \u00fcber folgende Quellen erfassen:<\/p>\n<ul class=\"unordered\">\n<li>unsere Website \u2013 morphicmedical.com \u2013 und andere von uns betriebene Websites, \u00fcber die Sie auf diese Datenschutzerkl\u00e4rung zugreifen (die \u201eWebsites\u201c);<\/li>\n<li>unsere von uns kontrollierten Social-Media-Seiten, \u00fcber die Sie auf diese Datenschutzerkl\u00e4rung zugreifen (zusammenfassend als \u201eSocial-Media-Seiten\u201c bezeichnet);<\/li>\n<li>HTML-formatierte E-Mail-Nachrichten, die wir Ihnen senden und die einen Link zu dieser Datenschutzerkl\u00e4rung oder anderen Mitteilungen an Sie enthalten; und<\/li>\n<li>Offline-Gesch\u00e4ftsbeziehungen, die Sie mit uns unterhalten.<\/li>\n<\/ul>\n<p>Zusammenfassend bezeichnen wir die Websites, Social-Media-Seiten, E-Mails und Offline-Gesch\u00e4ftsinteraktionen als \u201eDienste\u201c.<\/p>\n<p><strong>1. PERSONENBEZOGENE DATEN<\/strong><\/p>\n<p>1.1. \u201ePersonenbezogene Daten\u201c sind Informationen, die Sie als Person identifizieren oder sich auf eine identifizierbare Person beziehen. Die Dienste von Morphic erfordern die Erfassung personenbezogener Daten, darunter:<\/p>\n<p>1.1.1. Name*<\/p>\n<p>1.1.2. Postleitzahl*<\/p>\n<p>1.1.3. Stadt*<\/p>\n<p>1.1.4. Land*<\/p>\n<p>1.1.5. Telefonnummer*<\/p>\n<p>1.1.6. E-Mail-Adresse*<\/p>\n<p>1.1.7. IP-Adresse (wir k\u00f6nnen anhand Ihrer IP-Adresse auch Ihren ungef\u00e4hren Standort ermitteln)<\/p>\n<p>1.1.8. Interesse an unseren Diensten<\/p>\n<p>* Bezeichnet Informationen, die in der Regel erforderlich sind, um einen angeforderten Dienst zu erbringen.<\/p>\n<p>1.2. Im Zusammenhang mit der Bereitstellung der Dienste und Produkte von Morphic k\u00f6nnen wir auch die folgenden Arten von Informationen erhalten:<\/p>\n<p>1.2.1. Name des Patienten<\/p>\n<p>1.2.2. Nummer der Krankenakte<\/p>\n<p>1.2.3. Forschungsprojekt-ID<\/p>\n<p>1.2.4. Initialen des Patienten\/Probanden<\/p>\n<p>1.2.5. Medizinische Bildgebung<\/p>\n<p>1.2.6. Informationen zu chirurgischen Eingriffen<\/p>\n<p>1.2.7. Demografische Daten der Patienten (z. B. Alter, Geschlecht, ethnische Zugeh\u00f6rigkeit, Gr\u00f6\u00dfe, Gewicht usw.)<\/p>\n<p>1.2.8. Transaktionsbezogene Details<\/p>\n<p>1.3.\u00a0\u00a0\u00a0 Erhebung personenbezogener Daten.  Wir erheben personenbezogene Daten auf verschiedene Weise, darunter:<\/p>\n<p>1.3.1. \u00dcber die Dienste selbst.  Wir erfassen personenbezogene Daten \u00fcber die Dienste. Das tun wir zum Beispiel, wenn Sie Informationen zu den von uns angebotenen Diensten anfordern. Oder wenn Sie sich f\u00fcr ein Konto registrieren. Sie k\u00f6nnen auch auf die Dienste zugreifen. Oder eine Transaktion mit uns abschlie\u00dfen. Sie k\u00f6nnen uns auch kontaktieren, um Unterst\u00fctzung zu erhalten.<\/p>\n<p>1.3.2. Aus anderen Quellen.  Wir k\u00f6nnen personenbezogene Daten aus anderen Quellen im Zusammenhang mit klinischen Forschungsstudien oder anderen Produkten oder Dienstleistungen von Morphic erhalten. Zum Beispiel:<\/p>\n<p>1.3.2.1.\u00a0\u00a0\u00a0\u00a0\u00a0\u00a0\u00a0 Klinische Studien und andere Forschungsstudien<\/p>\n<p>1.3.2.2.\u00a0\u00a0\u00a0\u00a0\u00a0\u00a0\u00a0 Drittparteien wie CROs und klinische Einrichtungen <\/p>\n<p>1.3.2.3.\u00a0\u00a0\u00a0\u00a0\u00a0\u00a0\u00a0 \u00c4rzte und andere Gesundheitsdienstleister<\/p>\n<p>1.3.2.4.\u00a0\u00a0\u00a0\u00a0\u00a0\u00a0\u00a0 \u00d6ffentlich zug\u00e4ngliche Datenbanken<\/p>\n<p>Um bestimmte Dienste bereitstellen zu k\u00f6nnen, m\u00fcssen wir personenbezogene Daten erfassen. Die Bereitstellung der angeforderten Daten ist die Voraussetzung f\u00fcr die Bereitstellung der Dienste. Wenn im Zusammenhang mit den Diensten personenbezogene Daten anderer Personen (z. B. Patienten, Forschungsteilnehmer, Ihre Partner oder Lieferanten usw.) offenlegt werden, wird erkl\u00e4rt, dass die Berechtigung besteht und es wird gestattet, dass die Daten gem\u00e4\u00df dieser Datenschutzrichtlinie verwendet werden.<\/p>\n<p>Morphic verarbeitet Ihre personenbezogenen Daten nur f\u00fcr die in dieser Datenschutzerkl\u00e4rung beschriebenen Zwecke oder wie anderweitig nach geltendem Recht zul\u00e4ssig, einschlie\u00dflich der Datenschutz-Grundverordnung (EU) 2016\/679 vom 27. April 2016 (\u201eDSGVO\u201c).<\/p>\n<p>1.4.\u00a0\u00a0\u00a0 Verwendung personenbezogener Daten. Wir und unsere Lieferanten verwenden personenbezogene Daten f\u00fcr die folgenden Zwecke:<\/p>\n<p>1.4.1.\u00a0\u00a0\u00a0\u00a0\u00a0\u00a0\u00a0\u00a0\u00a0\u00a0Wir verwenden personenbezogene Daten oder geben sie an nat\u00fcrliche oder juristische Personen, Beh\u00f6rden, Einrichtungen oder andere Stellen wie folgt weiter:<\/p>\n<p>1.4.1.1.\u00a0\u00a0\u00a0\u00a0\u00a0\u00a0\u00a0 Um Ihnen die Dienste bereitzustellen oder im Namen von klinischen Studienleitern, Auftragsforschungsinstituten, \u00c4rzten, Krankenh\u00e4usern oder anderen Parteien, die Morphic mit der Erbringung der Dienste beauftragt haben, f\u00fcr die die personenbezogenen Daten \u00fcbermittelt wurden.<\/p>\n<p>1.4.1.2.\u00a0\u00a0\u00a0\u00a0\u00a0\u00a0\u00a0 Um auf Ihre Anfragen zu antworten und Ihre Antr\u00e4ge zu erf\u00fcllen, wenn Sie uns \u00fcber unsere Online-Kontaktformulare kontaktieren. Zum Beispiel, wenn Sie Informationen \u00fcber unsere Produkte und Dienste anfordern.<\/p>\n<p>1.4.1.3.\u00a0\u00a0\u00a0\u00a0\u00a0\u00a0\u00a0 Um Transaktionen durchzuf\u00fchren, Ihre Angaben zu \u00fcberpr\u00fcfen und Ihnen entsprechende Vorteile und Unterst\u00fctzung zu bieten.<\/p>\n<p>1.4.1.4.\u00a0\u00a0\u00a0\u00a0\u00a0\u00a0\u00a0 Um Ihnen administrative Informationen zuzusenden, z. B. \u00c4nderungen unserer Gesch\u00e4ftsbedingungen, rechtlichen Vereinbarungen und Richtlinien.<\/p>\n<p>Wir f\u00fchren diese Aktivit\u00e4ten durch, um unsere Vertragsbeziehungen zu verwalten und\/oder einer gesetzlichen Verpflichtung nachzukommen. Art. 6 Abs. 1 lit. (c) DSGVO ; Art. 6 Abs. 1 lit. (f) DSGVO.<\/p>\n<p>1.4.2.\u00a0\u00a0\u00a0\u00a0\u00a0\u00a0\u00a0\u00a0\u00a0\u00a0 Aggregieren und\/oder Anonymisieren personenbezogener Daten.<\/p>\n<p>1.4.2.1.\u00a0\u00a0\u00a0\u00a0\u00a0\u00a0\u00a0 Wenn andere vertragliche Vereinbarungen dies erlauben, k\u00f6nnen wir personenbezogene Daten zusammenf\u00fchren und\/oder so ver\u00e4ndern, dass sie nicht mehr als solche zu identifizieren sind. Dies wird von uns getan, um andere Daten f\u00fcr unsere Zwecke zu generieren, die f\u00fcr beliebige Zwecke verwendet und offenbart werden k\u00f6nnen, da sie Sie oder andere Personen nicht mehr identifizieren.<\/p>\n<p>1.4.3. \u00a0\u00a0\u00a0\u00a0\u00a0\u00a0\u00a0\u00a0Erf\u00fcllung unserer Gesch\u00e4ftszwecke.<\/p>\n<p>1.4.3.1.\u00a0\u00a0\u00a0\u00a0\u00a0\u00a0\u00a0 F\u00fcr \u00dcberpr\u00fcfungen und Audits, um sicherzustellen, dass unsere internen Prozesse wie vorgesehen funktionieren, und um gesetzliche, beh\u00f6rdliche oder vertragliche Anforderungen zu erf\u00fcllen;<\/p>\n<p>1.4.3.2.\u00a0\u00a0\u00a0\u00a0\u00a0\u00a0\u00a0 Zur Betrugsbek\u00e4mpfung und \u00dcberwachung der Betrugssicherheit, beispielsweise zur Aufdeckung und Verhinderung von Cyberangriffen oder Versuchen des Identit\u00e4tsdiebstahls;<\/p>\n<p>1.4.3.3.\u00a0\u00a0\u00a0\u00a0\u00a0\u00a0\u00a0 Zur Datenanalyse, beispielsweise zur Verbesserung der Effizienz unserer Dienste;<\/p>\n<p>1.4.3.4.\u00a0\u00a0\u00a0\u00a0\u00a0\u00a0\u00a0 Zur Reparatur, Wartung, Optimierung oder \u00c4nderung unserer aktuellen Produkte und Dienste sowie zur Durchf\u00fchrung von Qualit\u00e4ts- und Sicherheitsma\u00dfnahmen;<\/p>\n<p>1.4.3.5.\u00a0\u00a0\u00a0\u00a0\u00a0\u00a0\u00a0 Zur Entwicklung neuer Produkte und Dienste;<\/p>\n<p>1.4.3.6.\u00a0\u00a0\u00a0\u00a0\u00a0\u00a0\u00a0Zur Ermittlung von Nutzungstrends, beispielsweise um zu verstehen, welche Teile unserer Dienste f\u00fcr Nutzer am interessantesten sind; und<\/p>\n<p>Diese Aktivit\u00e4ten f\u00fchren wir aus, um unsere Vertragsbeziehungen zu verwalten, gesetzlichen Verpflichtungen nachzukommen und\/oder auf der Grundlage unseres berechtigten Gesch\u00e4ftsinteresses. Rechtsgrundlagen sind Art. 6 Abs. 1 lit. (c) DSGVO, Art. 6 Abs. 1 lit. (f) DSGVO bzw. Art. 6 Abs. 1 lit. (b) DSGVO.<\/p>\n<p><strong>2. SONSTIGE INFORMATIONEN<\/strong><\/p>\n<p>2.1.\u00a0\u00a0\u00a0 \u201eSonstige Informationen\u201c sind alle Informationen, die keine R\u00fcckschl\u00fcsse auf die Identit\u00e4t einer Person zulassen. Durch die Dienste k\u00f6nnen sonstige Informationen erfasst, verwendet und offengelegt.<\/p>\n<p>2.1.1. Wir k\u00f6nnen sonstige Informationen f\u00fcr jeden Zweck verwenden und offenlegen, es sei denn, geltende Gesetze verpflichten uns zu einer anderen Vorgehensweise. Sofern wir kraft geltender Rechtsvorschriften dazu angehalten sind, Informationen, die nicht als personenbezogene Daten klassifiziert werden, als solche zu behandeln, sind wir befugt, diese f\u00fcr die Zwecke zu nutzen und zu offenbaren, die in dieser Richtlinie f\u00fcr die Verwendung und Offenlegung von personenbezogenen Daten festgeschrieben sind. In einigen F\u00e4llen k\u00f6nnen wir sonstige Informationen mit personenbezogenen Daten kombinieren. In diesem Fall behandeln wir die kombinierten Informationen als personenbezogene Daten. Rechtsgrundlagen: Art. 6 Abs. 1 lit. (c), (f) und (b) DSGVO.<\/p>\n<p><strong>3. SICHERHEIT<\/strong><\/p>\n<p>3.1.\u00a0\u00a0\u00a0 Wir bem\u00fchen uns, angemessene organisatorische, technische und administrative Ma\u00dfnahmen zum Schutz personenbezogener Daten innerhalb unserer Organisation zu ergreifen. Leider kann kein Daten\u00fcbertragungs- oder Speichersystem als 100 % sicher eingestuft werden. Wenn Sie Grund zu der Annahme haben, dass Ihre Interaktion mit uns nicht mehr sicher ist, benachrichtigen Sie uns bitte unverz\u00fcglich gem\u00e4\u00df dem Abschnitt \u201eKontakt\u201c unten.<\/p>\n<p><strong>4. WAHLM\u00d6GLICHKEITEN UND ZUGRIFF<\/strong><\/p>\n<p>4.1.\u00a0\u00a0\u00a0 Hinsichtlich der Verwendung und Weitergabe Ihrer personenbezogenen Daten haben Sie folgende Wahlm\u00f6glichkeiten. Wir bieten Ihnen die M\u00f6glichkeit, selbst zu bestimmen, wie Ihre personenbezogenen Daten verwendet und weitergegeben werden, und zwar zu Marketingzwecken. Wir werden uns bem\u00fchen, Ihren W\u00fcnschen so schnell wie m\u00f6glich nachzukommen, und Sie k\u00f6nnen sich darauf verlassen, dass wir alles in unserer Macht stehende tun werden, um Ihre W\u00fcnsche zu erf\u00fcllen. Bitte beachten Sie, dass wir Ihnen auch nach Ihrer Abmeldung von unseren E-Mails weiterhin wichtige administrative Nachrichten zusenden k\u00f6nnen, die Sie nicht abbestellen k\u00f6nnen.<\/p>\n<p>4.2.\u00a0\u00a0\u00a0 Informationen dar\u00fcber, wie auf Ihre personenbezogenen Daten zugegriffen, ge\u00e4ndert oder gel\u00f6scht werden kann. Wenn der Zugriff auf Ihre personenbezogenen Daten beantragt, diese korrigiert, aktualisiert, unterdr\u00fcckt, eingeschr\u00e4nkt oder gel\u00f6scht werden soll, der Verarbeitung Ihrer personenbezogenen Daten widersprochen oder diese abgelehnt werden soll oder wenn eine Kopie Ihrer personenbezogenen Daten zum Zwecke der \u00dcbermittlung an ein anderes Unternehmen angefordert werden soll (soweit Ihnen diese Rechte nach geltendem Recht zustehen), k\u00f6nnen wir gem\u00e4\u00df dem Abschnitt \u201eKontakt\u201c unten kontaktiert werden. Wir werden Ihre Anfrage gem\u00e4\u00df geltendem Recht beantworten.<\/p>\n<p>4.2.1. Bitte geben Sie in Ihrer Anfrage an, welche personenbezogenen Daten Sie \u00e4ndern m\u00f6chten oder ob Sie m\u00f6chten, dass Ihre personenbezogenen Daten aus unserer Datenbank gel\u00f6scht werden. Zu Ihrem Schutz k\u00f6nnen wir nur Anfragen bearbeiten, die sich auf die personenbezogenen Daten beziehen, die mit der E-Mail-Adresse verkn\u00fcpft sind, die Sie f\u00fcr Ihre Anfrage an verwendet haben, und wir m\u00fcssen m\u00f6glicherweise Ihre Identit\u00e4t \u00fcberpr\u00fcfen, bevor wir Ihre Anfrage bearbeiten k\u00f6nnen. Wir werden uns bem\u00fchen, Ihrer Anfrage so schnell wie m\u00f6glich nachzukommen.<\/p>\n<p>4.3.\u00a0\u00a0\u00a0Bitte beachten Sie, dass wir bestimmte Daten zu Aufzeichnungszwecken, zur Einhaltung geltender Vorschriften und\/oder zur Abwicklung von Transaktionen, die Sie vor der Beantragung einer \u00c4nderung oder L\u00f6schung begonnen haben, aufbewahren m\u00fcssen.<\/p>\n<p><strong>5. AUFBEWAHRUNGSFRIST<\/strong><\/p>\n<p>5.1.\u00a0\u00a0\u00a0 Wir bewahren personenbezogene Daten so lange auf, wie es f\u00fcr die Zwecke, f\u00fcr die sie erhoben wurden, erforderlich ist und  wie es im Einklang mit den geltenden Gesetzen steht.<\/p>\n<p><strong>6. DIENSTE VON DRITTTEN<\/strong><\/p>\n<p>6.1.\u00a0\u00a0\u00a0 Diese Datenschutzerkl\u00e4rung gilt nicht f\u00fcr die Datenschutz-, Informations- oder sonstigen Praktiken von Dritten, einschlie\u00dflich Dritter, die Websites oder Dienste betreiben, auf die die Dienste verweisen. Die Aufnahme eines Links in die Dienste bedeutet nicht, dass wir oder unsere verbundenen Unternehmen die verlinkte Website oder den verlinkten Dienst bef\u00fcrworten.<\/p>\n<p>6.2.\u00a0\u00a0\u00a0 Dar\u00fcber hinaus sind wir nicht verantwortlich f\u00fcr die Richtlinien oder Praktiken anderer Organisationen hinsichtlich der Erfassung, Verwendung, Offenlegung oder Sicherheit von Daten, wie z. B. Facebook, LinkedIn, Apple, Google, Microsoft oder andere App-Entwickler, App-Anbieter, Anbieter von Social-Media-Plattformen, Anbieter von Betriebssystemen, Anbieter von Mobilfunkdiensten oder Ger\u00e4tehersteller, einschlie\u00dflich in Bezug auf personenbezogene Daten, die Sie anderen Organisationen \u00fcber oder in Verbindung mit unseren Social-Media-Seiten offenlegen.<\/p>\n<p><strong>7. GERICHTSSTAND UND GRENZ\u00dcBERSCHREITENDE \u00dcBERMITTLUNG<\/strong><\/p>\n<p>7.1.\u00a0\u00a0\u00a0 Ihre personenbezogenen Daten k\u00f6nnen in jedem Land gespeichert und verarbeitet werden, in dem wir Einrichtungen haben oder Dienstleistungen erbringen. Durch die Nutzung unserer Dienste erkl\u00e4ren Sie sich damit einverstanden, dass Ihre Daten in L\u00e4nder au\u00dferhalb Ihres Wohnsitzlandes, einschlie\u00dflich der Vereinigten Staaten, \u00fcbertragen werden. In diesen L\u00e4ndern k\u00f6nnen andere Datenschutzbestimmungen gelten als in Ihrem Land. Unter bestimmten Umst\u00e4nden k\u00f6nnen Gerichte, Strafverfolgungsbeh\u00f6rden, Aufsichtsbeh\u00f6rden oder Sicherheitsbeh\u00f6rden in diesen L\u00e4ndern berechtigt sein, auf Ihre personenbezogenen Daten zuzugreifen.  Art. 46 DSGVO<\/p>\n<p>7.2.\u00a0\u00a0\u00a0 ZUS\u00c4TZLICHE INFORMATIONEN ZUM EWR: Einige Nicht-EWR-L\u00e4nder werden von der Europ\u00e4ischen Kommission als L\u00e4nder anerkannt, die ein angemessenes Datenschutzniveau gem\u00e4\u00df den EWR-Standards bieten (die vollst\u00e4ndige Liste dieser L\u00e4nder finden Sie hier: https:\/\/ec.europa.eu\/info\/law\/law-topic\/data-protection\/data-transfers-outside-eu\/adequacy-protection-personal-data-non-eu-countries_en). <\/p>\n<p><strong>8. SENSIBLE DATEN<\/strong><\/p>\n<p>8.1.\u00a0\u00a0\u00a0 Wir bitten Sie dringend, uns keine sensiblen personenbezogenen Daten (z. B. Sozialversicherungsnummern, politische Meinungen, Religion oder andere \u00dcberzeugungen, Einzelheiten zum Gesundheitszustand, biometrische oder genetische Merkmale, Informationen zu Vorstrafen oder Gewerkschaftsmitgliedschaften) \u00fcber die Dienste oder auf andere Weise an uns zu \u00fcbermitteln oder offenzulegen.<\/p>\n<p><strong>9. AKTUALISIERUNGEN DIESER DATENSCHUTZRICHTLINIE<\/strong><\/p>\n<p>9.1.\u00a0\u00a0\u00a0 Wir k\u00f6nnen diese Datenschutzerkl\u00e4rung regelm\u00e4\u00dfig \u00fcberpr\u00fcfen und aktualisieren. Der Vermerk \u201eZULETZT AKTUALISIERT\u201c oben in dieser Datenschutzerkl\u00e4rung gibt an, wann diese Datenschutzerkl\u00e4rung zuletzt \u00fcberarbeitet wurde. Alle \u00c4nderungen treten in Kraft, sobald wir die \u00fcberarbeitete Datenschutzerkl\u00e4rung in den Diensten ver\u00f6ffentlichen.<\/p>\n<p><strong>10. KONTAKT<\/strong><\/p>\n<p>10.1.\u00a0 Morphic, Inc. mit Sitz in 320 Congress, Third Floor, Boston, MA 02210, ist das Unternehmen, das f\u00fcr die Erfassung, Verwendung und Offenlegung personenbezogener Daten gem\u00e4\u00df dieser Datenschutzerkl\u00e4rung verantwortlich ist.<\/p>\n<p>10.2.\u00a0 Wenn Sie Fragen zu dieser Datenschutzerkl\u00e4rung haben, wenden Sie sich bitte per Post an die oben angegebene Postanschrift oder an privacy@morphic.com. Da die Kommunikation per E-Mail nicht immer sicher ist, geben Sie bitte keine Kreditkartendaten oder andere sensible Informationen in Ihren E-Mails an uns an.<\/p>\n","protected":false},"excerpt":{"rendered":"<p>Morphic Medical INC. DATENSCHUTZERKL\u00c4RUNGY Zuletzt aktualisiert am 12. August 2025 Morphic Medical, Inc. und seine Tochtergesellschaften und verbundenen Unternehmen (zusammenfassend \u201eMorphic\u201c, \u201edas Unternehmen\u201c, \u201ewir\u201c oder \u201euns\u201c) legen gro\u00dfen Wert darauf, dass Sie mit der Art und Weise, wie wir Informationen erfassen, verwenden und weitergeben, vertraut sind. Diese Datenschutzerkl\u00e4rung beschreibt unsere Praktiken im Zusammenhang mit Informationen, [&hellip;]<\/p>\n","protected":false},"author":4,"featured_media":0,"parent":0,"menu_order":0,"comment_status":"closed","ping_status":"closed","template":"","meta":{"_acf_changed":false,"footnotes":""},"class_list":["post-5527","page","type-page","status-publish","hentry"],"acf":[],"_links":{"self":[{"href":"https:\/\/eu.morphicmedical.com\/de\/wp-json\/wp\/v2\/pages\/5527","targetHints":{"allow":["GET"]}}],"collection":[{"href":"https:\/\/eu.morphicmedical.com\/de\/wp-json\/wp\/v2\/pages"}],"about":[{"href":"https:\/\/eu.morphicmedical.com\/de\/wp-json\/wp\/v2\/types\/page"}],"author":[{"embeddable":true,"href":"https:\/\/eu.morphicmedical.com\/de\/wp-json\/wp\/v2\/users\/4"}],"replies":[{"embeddable":true,"href":"https:\/\/eu.morphicmedical.com\/de\/wp-json\/wp\/v2\/comments?post=5527"}],"version-history":[{"count":0,"href":"https:\/\/eu.morphicmedical.com\/de\/wp-json\/wp\/v2\/pages\/5527\/revisions"}],"wp:attachment":[{"href":"https:\/\/eu.morphicmedical.com\/de\/wp-json\/wp\/v2\/media?parent=5527"}],"curies":[{"name":"wp","href":"https:\/\/api.w.org\/{rel}","templated":true}]}}