{"id":5532,"date":"2023-06-07T22:53:04","date_gmt":"2023-06-08T02:53:04","guid":{"rendered":"https:\/\/eu.morphicmedical.com\/copyright\/"},"modified":"2025-08-22T10:58:52","modified_gmt":"2025-08-22T14:58:52","slug":"copyright","status":"publish","type":"page","link":"https:\/\/eu.morphicmedical.com\/de\/copyright\/","title":{"rendered":"Urheberrecht"},"content":{"rendered":"<p class=\"p3\"><b>Urheberrechtshinweis und eingeschr\u00e4nkte Lizenz<\/b><br \/>\nAlles, was Sie auf dieser Website sehen und h\u00f6ren (der \u201eConten\u201c), einschlie\u00dflich aller Texte, Verzeichnisse, Fotos, Illustrationen, Grafiken, Audio- und Videoclips sowie Audio- und Videoclips, ist nach US-amerikanischem Recht und den geltenden internationalen Urheberrechtsgesetzen und -vertr\u00e4gen urheberrechtlich gesch\u00fctzt. Das Urheberrecht am Inhalt geh\u00f6rt Morphic Medical oder seinen Tochtergesellschaften oder Dritten, die ihr Material an Morphic Medical lizenziert haben. Der gesamte Content dieser Website ist als Sammelwerk urheberrechtlich gesch\u00fctzt. Dies gilt sowohl nach US-amerikanischem Recht als auch nach den einschl\u00e4gigen internationalen Urheberrechtsgesetzen und -vertr\u00e4gen. Morphic Medical besitzt das Urheberrecht, den Content auszuw\u00e4hlen, zu koordinieren, zu arrangieren und zu verbessern. Das Herunterladen, Speichern, Drucken und Kopieren ausgew\u00e4hlter Teile des Contents dieser Website ist unter der Voraussetzung gestattet, dass Sie:<\/p>\n<ol class=\"ol1 unordered\">\n<li class=\"li3\">die Inhalte verwenden, die Sie herunterladen, nur f\u00fcr Ihren pers\u00f6nlichen, nicht-kommerziellen Gebrauch oder zur F\u00f6rderung Ihrer Gesch\u00e4ftsbeziehungen mit Morphic Medical.<\/li>\n<li class=\"li3\">Sie keinen Teil des Inhalts auf einer anderen Internetseite einstellen oder ver\u00f6ffentlichen, ohne vorher die schriftliche Zustimmung von Morphic Medical eingeholt zu haben.<\/li>\n<li class=\"li3\">keinen Teil des Inhalts in oder auf anderen Medien senden oder ver\u00f6ffentlichen, ohne die vorherige schriftliche Zustimmung von Morphic Medical eingeholt zu haben.<\/li>\n<li class=\"li3\">den Inhalt in keiner Weise l\u00f6schen oder ver\u00e4ndern und auch keine Urheberrechts-, Marken- oder Vertraulichkeitshinweise ver\u00e4ndern oder l\u00f6schen.<\/li>\n<\/ol>\n<p class=\"p3\">Durch das Herunterladen von Inhalten von dieser Website gehen keinerlei Rechte, Titel oder Interessen an den heruntergeladenen Inhalten auf Sie \u00fcber. Morphic Medical beh\u00e4lt sich alle geistigen Eigentumsrechte an den Inhalten vor, die Sie von dieser Website herunterladen. Sofern nicht ausdr\u00fccklich oben angegeben, ist es Ihnen nicht gestattet, den Inhalt ganz oder teilweise ohne vorherige schriftliche Genehmigung von Morphic Medical zu kopieren, herunterzuladen, auszudrucken, zu ver\u00f6ffentlichen, anzuzeigen, vorzuf\u00fchren, zu vertreiben, zu \u00fcbertragen, zu \u00fcbersetzen, zu modifizieren, zu erg\u00e4nzen, zu aktualisieren, zu kompilieren, zu verk\u00fcrzen oder auf andere Weise zu ver\u00e4ndern oder anzupassen.<\/p>\n<p class=\"p3\">Wenn Sie der Meinung sind, dass ein Inhalt auf dieser Website ein Urheberrecht, eine Marke, ein Patent oder ein anderes Recht einer anderen Partei verletzt, wenden Sie sich bitte an Morphic Medical.<\/p>\n<p class=\"p3\"><b>Hinweis zu handelsmarke<\/b><br \/>\nAlle Handelsmarken, Dienstleistungsmarken und Logos (die \u201eHandelsmarken\u201c), die auf dieser Website angezeigt werden, sind eingetragene und nicht eingetragene Handelsmarken von Morphic Medical, einer ihrer Tochtergesellschaften oder von Dritten, die ihre Handelsmarken an Morphic Medical oder eine ihrer Tochtergesellschaften lizenziert haben. Sofern nicht ausdr\u00fccklich in diesen Nutzungsbedingungen angegeben, d\u00fcrfen Sie die Warenzeichen nicht ohne vorherige schriftliche Genehmigung von Morphic Medical reproduzieren, anzeigen oder anderweitig verwenden.<\/p>\n","protected":false},"excerpt":{"rendered":"<p>Urheberrechtshinweis und eingeschr\u00e4nkte Lizenz Alles, was Sie auf dieser Website sehen und h\u00f6ren (der \u201eConten\u201c), einschlie\u00dflich aller Texte, Verzeichnisse, Fotos, Illustrationen, Grafiken, Audio- und Videoclips sowie Audio- und Videoclips, ist nach US-amerikanischem Recht und den geltenden internationalen Urheberrechtsgesetzen und -vertr\u00e4gen urheberrechtlich gesch\u00fctzt. Das Urheberrecht am Inhalt geh\u00f6rt Morphic Medical oder seinen Tochtergesellschaften oder Dritten, die [&hellip;]<\/p>\n","protected":false},"author":28,"featured_media":0,"parent":0,"menu_order":0,"comment_status":"closed","ping_status":"closed","template":"","meta":{"_acf_changed":false,"footnotes":""},"class_list":["post-5532","page","type-page","status-publish","hentry"],"acf":[],"_links":{"self":[{"href":"https:\/\/eu.morphicmedical.com\/de\/wp-json\/wp\/v2\/pages\/5532","targetHints":{"allow":["GET"]}}],"collection":[{"href":"https:\/\/eu.morphicmedical.com\/de\/wp-json\/wp\/v2\/pages"}],"about":[{"href":"https:\/\/eu.morphicmedical.com\/de\/wp-json\/wp\/v2\/types\/page"}],"author":[{"embeddable":true,"href":"https:\/\/eu.morphicmedical.com\/de\/wp-json\/wp\/v2\/users\/28"}],"replies":[{"embeddable":true,"href":"https:\/\/eu.morphicmedical.com\/de\/wp-json\/wp\/v2\/comments?post=5532"}],"version-history":[{"count":0,"href":"https:\/\/eu.morphicmedical.com\/de\/wp-json\/wp\/v2\/pages\/5532\/revisions"}],"wp:attachment":[{"href":"https:\/\/eu.morphicmedical.com\/de\/wp-json\/wp\/v2\/media?parent=5532"}],"curies":[{"name":"wp","href":"https:\/\/api.w.org\/{rel}","templated":true}]}}