{"id":5920,"date":"2025-08-14T08:56:12","date_gmt":"2025-08-14T12:56:12","guid":{"rendered":"https:\/\/eu.morphicmedical.com\/?page_id=5920"},"modified":"2025-08-22T10:57:58","modified_gmt":"2025-08-22T14:57:58","slug":"cookie-richtlinie","status":"publish","type":"page","link":"https:\/\/eu.morphicmedical.com\/de\/cookie-richtlinie\/","title":{"rendered":"Cookie-Richtlinie"},"content":{"rendered":"<p>Morphic Medical, Inc. (\u201eMorphic\u201c) Cookie-Richtlinie<\/p>\n<p><strong>I. Einleitung<\/strong><\/p>\n<p>Morphic (und die damit verbundenen Unternehmen) als Datenverantwortlicher mit Sitz in 320 Congress, Third Floor, Boston, MA 02210 (im Folgenden zusammen: \u201eMorphic\u201c, \u201ewir\u201c, \u201euns\u201c, \u201eunser\u201c usw.) erhebt, verarbeitet und gibt Ihre personenbezogenen Daten und andere Informationen \u00fcber Sie im Zusammenhang mit Ihrem Zugriff auf und\/oder Ihrer Nutzung von Morphic.com und anderen digitalen Medien im Besitz von Morphic (zusammenfassend als \u201eMorphic-Website\u201c, \u201eWebsite\u201c ), einschlie\u00dflich aller Inhalte, Funktionen, Dienste oder anderer Angebote, die Morphic in Verbindung mit der Morphic-Website bereitstellen kann, wie z. B. E-Mail-Kommunikation oder Newsletter, die Morphic in Verbindung mit Ihrer Nutzung der Morphic-Website versenden kann.<\/p>\n<p>Die vorliegende Cookie-Richtlinie findet nur Anwendung auf die Erfassung oder Weitergabe von Benutzerinformationen, die im Zusammenhang mit unserer Morphic-Website stehen. F\u00fcr detaillierte Informationen bez\u00fcglich der Datenschutzpraktiken von Morphic konsultieren Sie bitte unsere Datenschutzrichtlinie, die integrativer Bestandteil dieser Cookie-Richtlinie ist. In dieser Cookie-Richtlinie werden auch Ihre Wahlm\u00f6glichkeiten und Rechte hinsichtlich der Verwendung, des Zugriffs, der Berichtigung oder L\u00f6schung Ihrer personenbezogenen Daten durch die Nutzung der Morphic-Website beschrieben.<\/p>\n<p>Sie best\u00e4tigen, dass Sie verstehen, dass wir Ihre Daten in \u00dcbereinstimmung mit dieser Cookie-Richtlinie verwenden werden. Soweit gesetzlich vorgeschrieben, werden Sie au\u00dferdem um Ihre klare und eindeutige Zustimmung zur Erfassung, Verarbeitung und Weitergabe Ihrer Benutzerdaten \u00fcber Cookies und \u00e4hnliche Technologien gebeten.<\/p>\n<p>Diese Cookie-Richtlinie gilt nicht f\u00fcr Aktivit\u00e4ten von Dritten. Dazu z\u00e4hlen Werbetreibende und andere Partner. Diese erfassen Ihre Benutzerdaten m\u00f6glicherweise. Das geschieht w\u00e4hrend Sie auf die Dienste dieser Dritten zugreifen. Das geschieht im Zusammenhang mit Ihrer Nutzung unserer Morphic-Website. Um mehr \u00fcber die Richtlinien dieser Dritten zu erfahren, empfehlen wir Ihnen, die Datenschutzrichtlinien der jeweiligen Anbieter zu lesen und zu \u00fcberpr\u00fcfen, deren Dienste Sie nutzen m\u00f6chten.<\/p>\n<p><strong>II. Quellen Ihrer personenbezogenen Daten<\/strong><\/p>\n<p>Wenn Sie die Morphic-Website nutzen, erfassen, verarbeiten und geben wir Ihre personenbezogenen Daten auf verschiedene Weise weiter, einschlie\u00dflich, aber nicht beschr\u00e4nkt auf:<\/p>\n<ul class=\"unordered\">\n<li>freiwillige \u00dcbermittlung personenbezogener Daten (z. B. bei der \u00dcbermittlung Ihrer Kontaktdaten bei der Anforderung von Informationen) an uns;<\/li>\n<li>passive Erfassung Ihrer personenbezogenen Daten (ohne dass Sie die Informationen aktiv bereitstellen) mithilfe verschiedener Technologien, wie Cookies, Internet-Tags oder Web-Beacons, und Erfassung von Navigationsdaten (z. B. Log-Dateien, Server-Logs, Clickstreams usw.) (im Folgenden: \u201eCookies\u201c), und<\/li>\n<li>Erlangung von Benutzerinformationen von Drittparteien, sofern diese zuvor Ihre Zustimmung dazu erlangt haben oder anderweitig durch geltendes Recht dazu befugt sind.Sie k\u00f6nnen Ihre Einstellungen wie unten beschrieben verwalten und \u00e4ndern.<\/li>\n<\/ul>\n<p><strong>III. Cookies und Zwecke<\/strong><\/p>\n<p>Cookies sind Textdateien, die unser Webserver an Ihren Computer sendet und dort speichert, wenn Sie die Morphic-Website besuchen. Eine Cookie-Datei kann Benutzerinformationen wie einen Benutzeridentifikationscode oder eine IP-Adresse enthalten und\/oder automatisch erfassen. Eine Website verwendet diese Informationen, um die von Ihnen besuchten Seiten und die H\u00e4ufigkeit Ihrer Besuche zu verfolgen. Morphic und unsere Partner verwenden Cookies und \u00e4hnliche Technologien auf der Morphic-Website f\u00fcr unsere gesch\u00e4ftlichen Zwecke, um Ihr Browsing-Erlebnis zu personalisieren und zu optimieren, indem wir:<\/p>\n<ul class=\"unordered\">\n<li>Ihnen ma\u00dfgeschneiderte\/zielgerichtete Inhalte und Werbung anbieten, um Ihnen interaktive Kommunikation \u00fcber die Morphic-Website zu erm\u00f6glichen und Ihnen die erforderlichen Dienstleistungen bereitzustellen, Ihre Pr\u00e4ferenzen und freiwillig \u00fcbermittelten Informationen zu speichern und Informationen innerhalb von Morphic sowie an unsere Gesch\u00e4ftspartner, Drittanbieter und Dienstleister weiterzugeben, die unsere Gesch\u00e4ftszwecke erf\u00fcllen, um Social-Media-Funktionen zu erm\u00f6glichen und Sie vor Spam und Malware zu sch\u00fctzen;<\/li>\n<li>die Morphic-Website verwalten, Trends, Datenverkehr und Nutzerverhalten analysieren und standortbezogene Funktionen und Analysen durchf\u00fchren;<\/li>\n<li>Webanalysen auf der Morphic-Website und den Websites ihrer verbundenen Unternehmen durchf\u00fchren;<\/li>\n<li>analysieren, wie wir die Morphic-Website und ihre verschiedenen Elemente weiter verbessern k\u00f6nnen; und<\/li>\n<li>die gesetzlichen Vorschriften, wie vom Gesetzgeben vorgeschrieben, Folge leisten. In solchen F\u00e4llen k\u00f6nnen wir Ihre personenbezogenen Daten an zust\u00e4ndige Strafverfolgungsbeh\u00f6rden, Aufsichtsbeh\u00f6rden, Regierungsbeh\u00f6rden, Gerichte oder andere Dritte weitergeben, wenn wir der Ansicht sind, dass eine Weitergabe erforderlich ist:\n<ul>\n<li>aufgrund geltender Gesetze oder Vorschriften;<\/li>\n<li>zum Schutz Ihrer Sicherheit oder der Sicherheit anderer;<\/li>\n<li>zur Untersuchung von Betrugsf\u00e4llen oder zur Einhaltung eines Gerichtsverfahrens, einer gerichtlichen Anordnung oder eines Rechtsverfahrens, das gegen Morphic eingeleitet wurde; oder<\/li>\n<li>zum Schutz und zur Verteidigung der Rechte oder des Eigentums von Morphic. In diesem Fall werden wir Sie gegebenenfalls gem\u00e4\u00df den geltenden Gesetzen benachrichtigen.<\/li>\n<\/ul>\n<\/li>\n<\/ul>\n<p>Die Daten, die durch diese Cookies gesammelt werden, k\u00f6nnen mit Ihren personenbezogenen Daten verkn\u00fcpft werden. So k\u00f6nnen wir besser verstehen, wie Sie unsere Morphic-Website nutzen. Au\u00dferdem k\u00f6nnen wir Ihnen personalisierte Werbung anzeigen.<\/p>\n<p>Die meisten Browser akzeptieren Cookies automatisch. Sie k\u00f6nnen jedoch so konfiguriert werden, dass sie keine Cookies akzeptieren oder Sie benachrichtigen, wenn ein Cookie gesendet wird. Weitere Informationen dazu finden Sie in den folgenden Abschnitten. Unsere Cookies k\u00f6nnen jederzeit deaktiviert oder gel\u00f6scht werden. Um die Morphic-Website zu nutzen, m\u00fcssen Sie unsere Cookies nicht akzeptieren. Wenn Sie die Cookie-Funktion deaktivieren, stehen Ihnen m\u00f6glicherweise nicht alle Funktionen der Morphic-Website zur Verf\u00fcgung.<\/p>\n<p><strong>IV. Cookies und \u00e4hnliche Technologien<\/strong><\/p>\n<p style=\"padding-left: 40px;\">a. Arten von Cookies<\/p>\n<ul class=\"unordered\">\n<li>Damit die Morphic-Website und die Dienste ordnungsgem\u00e4\u00df funktionieren, sind bestimmte Cookies zwingend notwendig. Dazu geh\u00f6ren Technologien, die<br \/>\n&#8211; Ihnen den Zugriff auf unsere Website und Dienste erm\u00f6glichen,<br \/>\n&#8211; erforderlich sind, um unregelm\u00e4\u00dfiges Verhalten auf unserer Website und unseren Diensten zu erkennen, betr\u00fcgerische Aktivit\u00e4ten zu verhindern und die Sicherheit zu verbessern, oder<br \/>\n&#8211; Ihnen die Nutzung unserer Funktionen erm\u00f6glichen, wie z. B. die Erinnerung an letzte Aktionen (z. B. eingegebener Text), wenn Sie innerhalb derselben Sitzung zu einer Seite zur\u00fcckkehren.<br \/>\nDiese Cookies sind f\u00fcr die Funktion der Website erforderlich und k\u00f6nnen in unseren Systemen nicht deaktiviert werden. Sie werden in der Regel nur als Reaktion auf Ihre Handlungen gesetzt, die einer Dienstanforderung entsprechen, wie z. B. die Einstellung Ihrer Datenschutzpr\u00e4ferenzen, die Anmeldung oder das Ausf\u00fcllen von Formularen. Wenn Sie Ihren Browser so einstellen, dass diese Cookies blockiert werden oder Sie darauf hingewiesen werden, k\u00f6nnen einige Teile der Website jedoch nicht mehr funktionieren. In diesen Cookies werden keine personenbezogenen Daten gespeichert. Die Rechtsgrundlage f\u00fcr die Verarbeitung ist die Bereitstellung unserer Website und unserer Dienste f\u00fcr Sie.\n<\/li>\n<li>Funktionale Cookies erm\u00f6glichen es uns, Ihnen beim Zugriff auf oder bei der Nutzung unserer Website und unserer Dienste erweiterte Funktionen anzubieten. Dazu kann geh\u00f6ren, dass Sie identifiziert werden, wenn Sie sich auf unserer Website und unseren Diensten anmelden, oder Ihre angegebenen Pr\u00e4ferenzen und Interessen gespeichert werden, damit die Darstellung der Inhalte auf unserer Website und unseren Diensten verbessert werden kann. Diese Cookies k\u00f6nnen von uns oder von Drittanbietern, deren Dienste wir auf unseren Seiten hinzugef\u00fcgt haben, gesetzt werden. Wenn diese Cookies nicht zugelassen werden, k\u00f6nnen einige oder alle dieser Dienste m\u00f6glicherweise nicht ordnungsgem\u00e4\u00df funktionieren. Die Rechtsgrundlage f\u00fcr die Bearbeitung ist unser berechtigtes Interesse, insbesondere die Personalisierung und Steigerung der Attraktivit\u00e4t der Internetseiten, um Ihren Erwartungen und Bed\u00fcrfnissen zu entsprechen (z. B. durch die Einbindung von Videos und Social-Media-Tools).<\/li>\n<li>Performance-Cookies erm\u00f6glichen es uns, die Leistung und Nutzung unserer Website und unserer Dienste zu bewerten, zu verbessern und zu analysieren sowie Probleme mit unserer Website und unseren Diensten aufzudecken und zu beheben. Durch diese Cookies k\u00f6nnen wir auch Besuche und Traffic-Quellen z\u00e4hlen, um die Leistung unserer Website zu messen und zu verbessern. Sie helfen uns zu erkennen, welche Seiten am beliebtesten und am wenigsten beliebt sind, und zu sehen, wie sich Besucher auf der Website bewegen. S\u00e4mtliche Informationen, die diese Cookies sammeln, werden aggregiert und sind daher anonym. Wenn Sie diese Cookies nicht zulassen, wissen wir nicht, wann Sie unsere Website besucht haben, und k\u00f6nnen die Leistung der Website nicht \u00fcberwachen. Die Rechtsgrundlage f\u00fcr die Verarbeitung ist unser berechtigtes Interesse.<\/li>\n<li>Morphic und seine Werbepartner (und\/oder deren Drittanbieter f\u00fcr Analysedienste) k\u00f6nnen auf der Website Cookies verwenden, um die angezeigten Inhalte und Werbeanzeigen zu personalisieren. Diese Informationen k\u00f6nnen von den besagten Unternehmen verwendet werden, um ein Profil Ihrer Interessen zu erstellen und Ihnen auf anderen Websites Werbung anzuzeigen, die f\u00fcr Sie relevant ist. Direkte personenbezogene Daten werden nicht gespeichert, sondern es wird eine eindeutige Identifizierung des Browsers und des Internetger\u00e4ts vorgenommen. Wenn Sie diese Cookies nicht zulassen, werden Ihnen weniger zielgerichtete Werbeanzeigen angezeigt. Wenn Sie Ihre Einstellungen f\u00fcr Cookies von Drittanbietern verwalten m\u00f6chten, lesen Sie bitte den Abschnitt \u201eVerwalten von Cookies und Einstellungen\u201c weiter unten. Wenn Sie weitere Informationen zu Cookies einiger oder aller Drittanbieter erhalten m\u00f6chten, lesen Sie bitte denselben Abschnitt.<\/li>\n<\/ul>\n<p style=\"padding-left: 40px;\">b. Verwandte Technologien<\/p>\n<ul class=\"unordered\">\n<li>Pixel-Tags (auch als Web-Beacons und Clear GIFs bekannt) werden unter anderem verwendet, um die Handlungen der Nutzer auf der Morphic-Website zu verfolgen, den Erfolg unserer Marketingkampagnen zu messen und Statistiken \u00fcber die Nutzung der Morphic-Website und die Antwortraten zu erstellen.<\/li>\n<li>Adobe Flash Local Shared Objects (auch als \u201eFlash-Cookies\u201c oder \u201eFlash-LSOs\u201c bekannt) und andere Technologien werden unter anderem dazu verwendet, Informationen \u00fcber Ihre Nutzung der Morphic-Website zu sammeln und zu speichern. Ihre Optionen in Bezug auf Flash-LSOs finden Sie auf dieser Seite. Beachten Sie bitte, dass die Einschr\u00e4nkung oder Begrenzung der Annahme von Flash-LSOs durch den Flash-Player die Funktionalit\u00e4t einiger Flash-Anwendungen beeintr\u00e4chtigen oder verhindern kann.<\/li>\n<li>Google Analytics ist ein Dienst der Google Inc. (\u201eGoogle\u201c). Wir verwenden Google Analytics, um anonymisierte Statistiken zur Verbesserung der Morphic-Website zu sammeln. Weitere Informationen zum Deaktivieren von Google Analytics finden Sie unten.<\/li>\n<li>Browser- oder Ger\u00e4teinformationen werden von den meisten Browsern oder automatisch \u00fcber Ihr Ger\u00e4t erfasst, z. B. Ihre MAC-Adresse (Media Access Control), Ihr Computertyp (Windows oder Mac), Ihre Bildschirmaufl\u00f6sung, der Name und die Version Ihres Betriebssystems, der Hersteller und das Modell Ihres Ger\u00e4ts, die von Ihnen verwendete Sprache auf Ihrem Computer, der Typ und die Version Ihres Internetbrowsers sowie der Name und die Version der Website, die Sie besuchen. Wir verwenden diese Informationen, um sicherzustellen, dass die Morphic-Website ordnungsgem\u00e4\u00df funktioniert.<\/li>\n<li>Log-Dateien Morphics Web- und Ad-Server protokollieren Informationen \u00fcber die IP-Adresse eines Benutzers, den Browsertyp und die aktuelle URL, die der Benutzer anfordert. Diese Informationen werden immer vom Browser des Benutzers bereitgestellt und von den meisten Websites automatisch protokolliert. Diese Log-Dateien werden an einem gesicherten Ort gespeichert und f\u00fcr unsere gesch\u00e4ftlichen Zwecke zur internen Analyse der Verkehrsmuster innerhalb der Morphic-Website verwendet.<\/li>\n<li>Quellen von Drittanbietern. In einigen F\u00e4llen k\u00f6nnen wir personenbezogene Daten \u00fcber Sie von Drittanbietern (einschlie\u00dflich Datenerg\u00e4nzungsdiensten) erfassen, die wir f\u00fcr unsere gesch\u00e4ftlichen oder kommerziellen Zwecke verwenden (z. B. um Ihnen gezieltere Inhalte oder Werbeaktionen anbieten zu k\u00f6nnen). Wir verwenden diese Informationen nur, wenn diese Drittanbieter entweder Ihre Zustimmung eingeholt haben oder anderweitig gesetzlich berechtigt oder verpflichtet sind, Ihre personenbezogenen Daten an uns weiterzugeben.<\/li>\n<\/ul>\n<p><strong>V. Kontrolle Ihrer Daten<\/strong><\/p>\n<p>Sie haben verschiedene Rechte hinsichtlich der Verwendung und Kontrolle Ihrer Benutzerdaten. Morphic teilt Ihnen auf begr\u00fcndete Anfrage hin mit, ob wir Daten \u00fcber Sie gespeichert haben. Registrierte Benutzer k\u00f6nnen die in ihrem Mitgliederprofil gespeicherten Daten, wie beispielsweise Name, Standort und Land, auf ihrer Profilseite \u00e4ndern.<\/p>\n<p>Sie k\u00f6nnen auch die L\u00f6schung oder \u00c4nderung Ihres pers\u00f6nlichen Kontos und\/oder aller personenbezogenen Daten beantragen. Diese Daten haben Sie uns freiwillig \u00fcbermittelt. Das betrifft zum Beispiel Daten, die Sie bei der Anmeldung zu einer Morphic-Veranstaltung angegeben haben. Diese Daten sind nicht auf der Profilseite des Mitglieds verf\u00fcgbar. Wenn Sie dies w\u00fcnschen, kontaktieren Sie uns bitte gem\u00e4\u00df Abschnitt XI.<\/p>\n<p>Alle Nutzer k\u00f6nnen den Erhalt von Marketingmaterialien von Morphic abbestellen, indem sie den Anweisungen am Ende jeder erhaltenen E-Mail folgen.<\/p>\n<p>Basierend auf der technischen L\u00f6sung der Morphic-Website oder der zur Implementierung der Website verwendeten Plattform k\u00f6nnen wir Ihre Daten an Dritte und deren Partner weitergeben. Bitte beachten Sie unsere aktuelle Liste der Dritten und Partner.<\/p>\n<p><strong>VI.Datenspeicherung<\/strong><\/p>\n<p>Ihre Benutzerdaten werden von uns so lange gespeichert, wie Ihr Konto aktiv ist oder wie es f\u00fcr die Bereitstellung der Morphic-Website erforderlich ist. Dies gilt unter der Voraussetzung, dass Sie Ihre Einwilligung nicht widerrufen haben oder die L\u00f6schung bestimmter Benutzerdaten nicht beantragt haben. Wenn wir einen fortlaufenden gesch\u00e4ftlichen Bedarf haben, k\u00f6nnen wir bestimmte Benutzerdaten speichern. Das ist zum Beispiel der Fall, wenn es um die Sicherheit, Betrugspr\u00e4vention und Kontowiederherstellung der Morphic-Website geht. Auch zur Einhaltung geltender gesetzlicher Anforderungen k\u00f6nnen wir bestimmte Daten speichern.<\/p>\n<p>Wenn wir keinen berechtigten gesch\u00e4ftlichen Bedarf mehr f\u00fcr die Verwendung Ihrer Benutzerdaten haben, werden wir diese l\u00f6schen oder, falls dies nicht m\u00f6glich ist (z. B. weil Ihre personenbezogenen Daten in Backup-Archiven gespeichert sind), Ihre personenbezogenen Daten sicher speichern und von jeder weiteren Verarbeitung ausschlie\u00dfen, bis eine L\u00f6schung m\u00f6glich ist.<\/p>\n<p><strong>VII. Sicherheit<\/strong><\/p>\n<p>Der Schutz Ihrer Benutzerdaten ist uns sehr wichtig. Zu diesem Zweck setzen wir geeignete technische und organisatorische Sicherheitsma\u00dfnahmen ein. Die von uns verwendeten Ma\u00dfnahmen sind so konzipiert, dass sie ein dem Risiko der Verarbeitung Ihrer Benutzerdaten angemessenes Sicherheitsniveau bieten. Bitte haben Sie jedoch Verst\u00e4ndnis daf\u00fcr, dass keine Daten\u00fcbertragung im Internet vollst\u00e4ndig sicher ist. Wenn Sie Bedenken haben, dass Ihre Privatsph\u00e4re verletzt worden sein k\u00f6nnte, kontaktieren Sie uns bitte wie unten angegeben.<\/p>\n<p><strong>VIII. Nutzung der Morphic-Website durch Minderj\u00e4hrige<\/strong><\/p>\n<p>Die Morphic-Website richtet sich nicht an Minderj\u00e4hrige und wir erfassen wissentlich keine personenbezogenen Daten von Minderj\u00e4hrigen. Wenn Sie das in Ihrem Land geltende Mindestalter f\u00fcr die Einwilligung noch nicht erreicht haben, ben\u00f6tigen Sie die Zustimmung Ihrer Eltern oder Ihres Erziehungsberechtigten, um die Morphic-Website nutzen zu k\u00f6nnen. Sollten wir feststellen, dass wir Nutzerdaten von Minderj\u00e4hrigen erfasst haben, werden wir diese Daten aus unserer Datenbank l\u00f6schen und das entsprechende Konto gegebenenfalls k\u00fcndigen. Bitte konsultieren Sie Ihre Eltern oder Ihren Erziehungsberechtigten, bevor Sie die Morphic-Website nutzen.<\/p>\n<p>Wenn Sie als Erwachsener personenbezogene Daten von Minderj\u00e4hrigen an uns \u00fcbermitteln, erkl\u00e4ren Sie, dass Sie dazu berechtigt sind und dass Sie diese Berechtigung auf Anfrage gegen\u00fcber Morphic nachweisen k\u00f6nnen.<\/p>\n<p><strong>IX. Grenz\u00fcberschreitende \u00dcbermittlungen<\/strong><\/p>\n<p>Im Zusammenhang mit Ihrer Nutzung der Morphic-Website oder unserer Nutzung Ihrer Benutzerdaten k\u00f6nnen Ihre Benutzerdaten in andere L\u00e4nder als das Land, in dem Sie Ihren Wohnsitz haben, \u00fcbertragen und dort verarbeitet werden. Diese L\u00e4nder haben m\u00f6glicherweise andere Datenschutzgesetze als Ihr Land. Wir treffen jedoch geeignete Sicherheitsvorkehrungen, um sicherzustellen, dass Ihre personenbezogenen Daten gem\u00e4\u00df dieser Cookie-Richtlinie gesch\u00fctzt bleiben. Dazu geh\u00f6rt auch die Verwendung der Standardvertragsklauseln f\u00fcr grenz\u00fcberschreitende \u00dcbermittlungen.<\/p>\n<p><strong>X. Verwaltung von Cookies und Einstellungen<\/strong><\/p>\n<p>Von Morphic (\u201eFirst-Party-Cookies\u201c) oder Drittanbietern (\u201eThird-Party-Cookies\u201c) gesetzte Cookies verfallen entweder, wenn der Nutzer seinen Browser schlie\u00dft (\u201eSession-Cookies\u201c) oder wenn Ihr Browser sie aufgrund der in der Cookie-Datei enthaltenen Dauer l\u00f6scht (\u201epersistente Cookies\u201c).<\/p>\n<p>Die meisten Browser sind so konfiguriert, dass sie Cookies \u00fcber die Einstellungen akzeptieren, kontrollieren oder m\u00f6glicherweise deaktivieren k\u00f6nnen, und diese Optionen stehen in der Regel im Browser-Men\u00fc unter &#8222;Einstellungen&#8220;. Es wird jedoch darauf hingewiesen, dass die Funktionsweise der Morphic-Website beeintr\u00e4chtigt werden und\/oder die von uns angebotenen Dienste eingeschr\u00e4nkt werden k\u00f6nnen, wenn Navigations- oder Funktions-Cookies deaktiviert werden.<\/p>\n<p>Weitere Informationen \u00fcber die Verwendung von Cookies, einschlie\u00dflich der Verwaltung und L\u00f6schung, finden Sie auf der Website der National Advertising Initiative.<\/p>\n<p><strong>XI. Kontakt zu Morphic<\/strong><\/p>\n<p>Bei Fragen, Beschwerden, W\u00fcnsche oder Anmerkungen zur Cookie-Richtlinie oder den Datenschutzpraktiken von Morphic senden Sie bitte eine E-Mail an <a href=\"mailto:privacy@morphicmed.com\">privacy@morphicmed.com<\/a>.<\/p>\n<p><strong>XII. Beschwerden an Aufsichtsbeh\u00f6rden<\/strong><\/p>\n<p>Wenn Sie eine Beschwerde einreichen m\u00f6chten, k\u00f6nnen Sie das bei der f\u00fcr Ihr Land oder Ihre Region oder den Ort der mutma\u00dflichen Rechtsverletzung zust\u00e4ndigen Datenschutzbeh\u00f6rde tun.<\/p>\n<p>Nur EU: Die Kontaktdaten der f\u00fcr Ihr Land zust\u00e4ndige Beh\u00f6rde finden Sie unter Nationale Datenschutzbeh\u00f6rden.<\/p>\n<p><strong>XIII. \u00c4nderungen der Cookie-Richtlinie<\/strong><\/p>\n<p>Morphic beh\u00e4lt sich das Recht vor, diese Cookie-Richtlinie jederzeit zu \u00e4ndern. Dies kann aus beliebigen Gr\u00fcnden geschehen. Wir empfehlen Ihnen, die Richtlinie bei jedem Besuch der Morphic-Website und insbesondere vor der Angabe personenbezogener Daten zu lesen.<\/p>\n<p>Aktualisiert im August 2025<\/p>\n","protected":false},"excerpt":{"rendered":"<p>Morphic Medical, Inc. (\u201eMorphic\u201c) Cookie-Richtlinie I. Einleitung Morphic (und die damit verbundenen Unternehmen) als Datenverantwortlicher mit Sitz in 320 Congress, Third Floor, Boston, MA 02210 (im Folgenden zusammen: \u201eMorphic\u201c, \u201ewir\u201c, \u201euns\u201c, \u201eunser\u201c usw.) erhebt, verarbeitet und gibt Ihre personenbezogenen Daten und andere Informationen \u00fcber Sie im Zusammenhang mit Ihrem Zugriff auf und\/oder Ihrer Nutzung von [&hellip;]<\/p>\n","protected":false},"author":25,"featured_media":0,"parent":0,"menu_order":0,"comment_status":"closed","ping_status":"closed","template":"","meta":{"_acf_changed":false,"footnotes":""},"class_list":["post-5920","page","type-page","status-publish","hentry"],"acf":[],"_links":{"self":[{"href":"https:\/\/eu.morphicmedical.com\/de\/wp-json\/wp\/v2\/pages\/5920","targetHints":{"allow":["GET"]}}],"collection":[{"href":"https:\/\/eu.morphicmedical.com\/de\/wp-json\/wp\/v2\/pages"}],"about":[{"href":"https:\/\/eu.morphicmedical.com\/de\/wp-json\/wp\/v2\/types\/page"}],"author":[{"embeddable":true,"href":"https:\/\/eu.morphicmedical.com\/de\/wp-json\/wp\/v2\/users\/25"}],"replies":[{"embeddable":true,"href":"https:\/\/eu.morphicmedical.com\/de\/wp-json\/wp\/v2\/comments?post=5920"}],"version-history":[{"count":0,"href":"https:\/\/eu.morphicmedical.com\/de\/wp-json\/wp\/v2\/pages\/5920\/revisions"}],"wp:attachment":[{"href":"https:\/\/eu.morphicmedical.com\/de\/wp-json\/wp\/v2\/media?parent=5920"}],"curies":[{"name":"wp","href":"https:\/\/api.w.org\/{rel}","templated":true}]}}